{"id":4132,"date":"2016-07-03T17:33:10","date_gmt":"2016-07-03T17:33:10","guid":{"rendered":"https:\/\/idealityroads.com\/?page_id=4132"},"modified":"2019-04-14T18:52:58","modified_gmt":"2019-04-14T18:52:58","slug":"revitalizarea-centrelor-de-transfer-tehnologic","status":"publish","type":"page","link":"https:\/\/idealityroads.com\/?page_id=4132&lang=ro","title":{"rendered":"Revitalizarea Centrelor de Transfer Tehnologic"},"content":{"rendered":"\t\t<div data-elementor-type=\"wp-post\" data-elementor-id=\"4132\" class=\"elementor elementor-4132\" data-elementor-post-type=\"page\">\n\t\t\t\t\t\t<section class=\"elementor-section elementor-top-section elementor-element elementor-element-6bafa77d elementor-section-height-min-height elementor-section-content-middle elementor-section-boxed elementor-section-height-default elementor-section-items-middle\" data-id=\"6bafa77d\" data-element_type=\"section\" data-e-type=\"section\" data-settings=\"{&quot;background_background&quot;:&quot;classic&quot;}\">\n\t\t\t\t\t\t\t<div class=\"elementor-background-overlay\"><\/div>\n\t\t\t\t\t\t\t<div class=\"elementor-container elementor-column-gap-no\">\n\t\t\t\t\t<div class=\"elementor-column elementor-col-100 elementor-top-column elementor-element elementor-element-500b56ad\" data-id=\"500b56ad\" data-element_type=\"column\" data-e-type=\"column\">\n\t\t\t<div class=\"elementor-widget-wrap elementor-element-populated\">\n\t\t\t\t\t\t<div class=\"elementor-element elementor-element-7435ba45 elementor-widget-divider--view-line elementor-widget elementor-widget-divider\" data-id=\"7435ba45\" data-element_type=\"widget\" data-e-type=\"widget\" data-widget_type=\"divider.default\">\n\t\t\t\t<div class=\"elementor-widget-container\">\n\t\t\t\t\t\t\t<div class=\"elementor-divider\">\n\t\t\t<span class=\"elementor-divider-separator\">\n\t\t\t\t\t\t<\/span>\n\t\t<\/div>\n\t\t\t\t\t\t<\/div>\n\t\t\t\t<\/div>\n\t\t\t\t<div class=\"elementor-element elementor-element-665f7dec elementor-widget elementor-widget-text-editor\" data-id=\"665f7dec\" data-element_type=\"widget\" data-e-type=\"widget\" data-widget_type=\"text-editor.default\">\n\t\t\t\t<div class=\"elementor-widget-container\">\n\t\t\t\t\t\t\t\t\t<p>Valorificarea inova\u021biilor \u00een mediul academic<\/p>\t\t\t\t\t\t\t\t<\/div>\n\t\t\t\t<\/div>\n\t\t\t\t\t<\/div>\n\t\t<\/div>\n\t\t\t\t\t<\/div>\n\t\t<\/section>\n\t\t\t\t<section class=\"elementor-section elementor-top-section elementor-element elementor-element-33e2a5a3 elementor-section-boxed elementor-section-height-default elementor-section-height-default\" data-id=\"33e2a5a3\" data-element_type=\"section\" data-e-type=\"section\">\n\t\t\t\t\t\t<div class=\"elementor-container elementor-column-gap-default\">\n\t\t\t\t\t<div class=\"elementor-column elementor-col-100 elementor-top-column elementor-element elementor-element-4eb5a690\" data-id=\"4eb5a690\" data-element_type=\"column\" data-e-type=\"column\">\n\t\t\t<div class=\"elementor-widget-wrap elementor-element-populated\">\n\t\t\t\t\t\t<div class=\"elementor-element elementor-element-793cc7b9 elementor-widget elementor-widget-heading\" data-id=\"793cc7b9\" data-element_type=\"widget\" data-e-type=\"widget\" data-widget_type=\"heading.default\">\n\t\t\t\t<div class=\"elementor-widget-container\">\n\t\t\t\t\t<h2 class=\"elementor-heading-title elementor-size-default\">Cercetarea academic\u0103 reprezint\u0103 combustibilul care alimenteaz\u0103 o economie inovatoare, bazat\u0103 pe cunoa\u0219tere. Laboratoarele din universit\u0103\u021bi sunt terenuri fertile pentru inova\u021bii \u0219i reprezint\u0103 un mediu propice pentru startup-uri.  Centrele de Transfer de Tehnologii (CTT) de\u021bin cheia pentru \u00een\u021belegerea valorii transforma\u021bionale a cercet\u0103rii, at\u00e2t pentru universitate c\u00e2t \u0219i pentru societate \u00een general. Prin dezvoltarea cuno\u0219tin\u021belor \u0219i politicilor \u00een cadrul CTT-urilor din universit\u0103\u021bi \u0219i oferirea instrumentelor necesare pentru inova\u021bie \u00een materie de management, evaluare \u0219i licen\u021biere, IdealityRoads faciliteaz\u0103 un proces de comercializare eficient \u0219i profitabil care valorific\u0103 poten\u021bialul \u00een lumea real\u0103 al cercet\u0103rii academice.<\/h2>\t\t\t\t<\/div>\n\t\t\t\t<\/div>\n\t\t\t\t<div class=\"elementor-element elementor-element-70b1b3ab elementor-widget elementor-widget-text-editor\" data-id=\"70b1b3ab\" data-element_type=\"widget\" data-e-type=\"widget\" data-widget_type=\"text-editor.default\">\n\t\t\t\t<div class=\"elementor-widget-container\">\n\t\t\t\t\t\t\t\t\t<p><span data-sheets-value=\"{&quot;1&quot;:2,&quot;2&quot;:&quot;Multe dintre inova\u021biile de top din zilele noastre au \u00eenceput sub forma cercet\u0103rii academice \u00eentr-un laborator universitar. Totu\u0219i, ie\u0219irea din laborator \u0219i comercializarea pe pia\u021b\u0103 reprezint\u0103 un proces complex, \u0219i sunt multe elementele ce trebuie luate \u00een considerare. &quot;}\" data-sheets-userformat=\"{&quot;2&quot;:14595,&quot;3&quot;:{&quot;1&quot;:0,&quot;3&quot;:1},&quot;4&quot;:{&quot;1&quot;:2,&quot;2&quot;:16773836},&quot;11&quot;:4,&quot;14&quot;:[null,2,12582912],&quot;15&quot;:&quot;Calibri&quot;,&quot;16&quot;:11}\">Multe dintre inova\u021biile de top din zilele noastre au \u00eenceput sub forma cercet\u0103rii academice \u00eentr-un laborator universitar. Totu\u0219i, ie\u0219irea din laborator \u0219i comercializarea pe pia\u021b\u0103 reprezint\u0103 un proces complex, \u0219i sunt multe elementele ce trebuie luate \u00een considerare.<\/span><\/p><p>\u00a0<\/p><p><span data-sheets-value=\"{&quot;1&quot;:2,&quot;2&quot;:&quot;Rolul CTT-urilor implic\u0103 multe competen\u021be variate. CTT-urile trebuie s\u0103 ac\u021bioneze ca un liant \u00eentre cercet\u0103tori \u0219i industrie, s\u0103 \u00eei implice proactiv pe reprezentan\u021bii mediului academic care s\u0103 identifice zonele de poten\u021bial interes \u00een afara universit\u0103\u021bii, c\u00e2t \u0219i pe reprezentan\u021bii industriei, pentru a le evalua interesul pentru cercet\u0103rile derulate. Prin aceasta, CTT-urile trebuie s\u0103 alinieze interesele adeseori contrarii ale cercet\u0103torilor, universit\u0103\u021bii \u0219i investitorilor, promov\u00e2nd \u00een acela\u0219i timp o cultur\u0103 a \u00eencrederii \u0219i bunei credin\u021be. CTT-urile trebuie s\u0103 \u0219tie cum s\u0103 negocieze ofertele de licen\u021biere care s\u0103 apere interesele universit\u0103\u021bii, asigur\u00e2ndu-se c\u0103 structura firmelor de tip spin-off rezultate permite o cre\u0219tere global\u0103 \u00eenc\u0103 din prima zi. &quot;}\" data-sheets-userformat=\"{&quot;2&quot;:14595,&quot;3&quot;:{&quot;1&quot;:0,&quot;3&quot;:1},&quot;4&quot;:{&quot;1&quot;:2,&quot;2&quot;:16773836},&quot;11&quot;:4,&quot;14&quot;:[null,2,12582912],&quot;15&quot;:&quot;Calibri&quot;,&quot;16&quot;:11}\">Rolul CTT-urilor implic\u0103 multe competen\u021be variate. CTT-urile trebuie s\u0103 ac\u021bioneze ca un liant \u00eentre cercet\u0103tori \u0219i industrie, s\u0103 \u00eei implice proactiv pe reprezentan\u021bii mediului academic care s\u0103 identifice zonele de poten\u021bial interes \u00een afara universit\u0103\u021bii, c\u00e2t \u0219i pe reprezentan\u021bii industriei, pentru a le evalua interesul pentru cercet\u0103rile derulate. Prin aceasta, CTT-urile trebuie s\u0103 alinieze interesele adeseori contrarii ale cercet\u0103torilor, universit\u0103\u021bii \u0219i investitorilor, promov\u00e2nd \u00een acela\u0219i timp o cultur\u0103 a \u00eencrederii \u0219i bunei credin\u021be. CTT-urile trebuie s\u0103 \u0219tie cum s\u0103 negocieze ofertele de licen\u021biere care s\u0103 apere interesele universit\u0103\u021bii, asigur\u00e2ndu-se c\u0103 structura firmelor de tip spin-off rezultate permite o cre\u0219tere global\u0103 \u00eenc\u0103 din prima zi. <\/span><\/p><p>\u00a0<\/p><p><span data-sheets-value=\"{&quot;1&quot;:2,&quot;2&quot;:&quot;IdealityRoads contribuie la dezvoltarea capabilit\u0103\u021bilor CTT-urilor \u00een toate aceste direc\u021bii \u0219i mai mult dec\u00e2t at\u00e2t, dezvolt\u00e2nd politici care s\u0103 respecte standardele globale. Sub mentoratul companiei, CTT-urile sunt capabile s\u0103 gestioneze interesele tuturor p\u0103r\u021bilor implicate, asigur\u00e2ndu-se c\u0103 termenii conveni\u021bi nu \u00eei \u00eempov\u0103reaz\u0103 nejustificat pe cercet\u0103tori \u0219i nici nu limiteaz\u0103 \u00een mod inutil drepturile institu\u021biei de a c\u0103uta investitori \u0219i de a comercializa rezultatele cercet\u0103rii. IdealityRoads ajut\u0103 de asemenea la crearea unui sistem de stimulente care s\u0103 prezinte oamenilor beneficiile colabor\u0103rii cu un CTT, ceea ce permite na\u0219terea unor pove\u0219ti de succes. &quot;}\" data-sheets-userformat=\"{&quot;2&quot;:14595,&quot;3&quot;:{&quot;1&quot;:0,&quot;3&quot;:1},&quot;4&quot;:{&quot;1&quot;:2,&quot;2&quot;:16773836},&quot;11&quot;:4,&quot;14&quot;:[null,2,12582912],&quot;15&quot;:&quot;Calibri&quot;,&quot;16&quot;:11}\">IdealityRoads contribuie la dezvoltarea capabilit\u0103\u021bilor CTT-urilor \u00een toate aceste direc\u021bii \u0219i mai mult dec\u00e2t at\u00e2t, dezvolt\u00e2nd politici care s\u0103 respecte standardele globale. Sub mentoratul companiei, CTT-urile sunt capabile s\u0103 gestioneze interesele tuturor p\u0103r\u021bilor implicate, asigur\u00e2ndu-se c\u0103 termenii conveni\u021bi nu \u00eei \u00eempov\u0103reaz\u0103 nejustificat pe cercet\u0103tori \u0219i nici nu limiteaz\u0103 \u00een mod inutil drepturile institu\u021biei de a c\u0103uta investitori \u0219i de a comercializa rezultatele cercet\u0103rii. IdealityRoads ajut\u0103 de asemenea la crearea unui sistem de stimulente care s\u0103 prezinte oamenilor beneficiile colabor\u0103rii cu un CTT, ceea ce permite na\u0219terea unor pove\u0219ti de succes. <\/span><\/p>\t\t\t\t\t\t\t\t<\/div>\n\t\t\t\t<\/div>\n\t\t\t\t\t<\/div>\n\t\t<\/div>\n\t\t\t\t\t<\/div>\n\t\t<\/section>\n\t\t\t\t<\/div>\n\t\t","protected":false},"excerpt":{"rendered":"<p>Valorificarea inova\u021biilor \u00een mediul academic Cercetarea academic\u0103 reprezint\u0103 combustibilul care alimenteaz\u0103 o economie inovatoare, bazat\u0103 pe cunoa\u0219tere. Laboratoarele din universit\u0103\u021bi sunt terenuri fertile pentru inova\u021bii \u0219i reprezint\u0103 un mediu propice pentru startup-uri. Centrele de Transfer de Tehnologii (CTT) de\u021bin cheia pentru \u00een\u021belegerea valorii transforma\u021bionale a&#8230;<\/p>\n","protected":false},"author":5,"featured_media":3880,"parent":0,"menu_order":0,"comment_status":"closed","ping_status":"closed","template":"elementor_header_footer","meta":{"_acf_changed":false,"footnotes":""},"class_list":["post-4132","page","type-page","status-publish","has-post-thumbnail","hentry"],"acf":[],"_links":{"self":[{"href":"https:\/\/idealityroads.com\/index.php?rest_route=\/wp\/v2\/pages\/4132","targetHints":{"allow":["GET"]}}],"collection":[{"href":"https:\/\/idealityroads.com\/index.php?rest_route=\/wp\/v2\/pages"}],"about":[{"href":"https:\/\/idealityroads.com\/index.php?rest_route=\/wp\/v2\/types\/page"}],"author":[{"embeddable":true,"href":"https:\/\/idealityroads.com\/index.php?rest_route=\/wp\/v2\/users\/5"}],"replies":[{"embeddable":true,"href":"https:\/\/idealityroads.com\/index.php?rest_route=%2Fwp%2Fv2%2Fcomments&post=4132"}],"version-history":[{"count":0,"href":"https:\/\/idealityroads.com\/index.php?rest_route=\/wp\/v2\/pages\/4132\/revisions"}],"wp:featuredmedia":[{"embeddable":true,"href":"https:\/\/idealityroads.com\/index.php?rest_route=\/wp\/v2\/media\/3880"}],"wp:attachment":[{"href":"https:\/\/idealityroads.com\/index.php?rest_route=%2Fwp%2Fv2%2Fmedia&parent=4132"}],"curies":[{"name":"wp","href":"https:\/\/api.w.org\/{rel}","templated":true}]}}