{"id":4834,"date":"2019-04-08T20:57:37","date_gmt":"2019-04-08T20:57:37","guid":{"rendered":"https:\/\/idealityroads.com\/?page_id=4834"},"modified":"2020-02-27T08:40:04","modified_gmt":"2020-02-27T08:40:04","slug":"sourcing-dinnovation-dentreprise","status":"publish","type":"page","link":"https:\/\/idealityroads.com\/?page_id=4834&lang=fr","title":{"rendered":"Sourcing d&#8217;innovation d&#8217;entreprise"},"content":{"rendered":"\t\t<div data-elementor-type=\"wp-post\" data-elementor-id=\"4834\" class=\"elementor elementor-4834\" data-elementor-post-type=\"page\">\n\t\t\t\t\t\t<section class=\"elementor-section elementor-top-section elementor-element elementor-element-7fbd5b3b elementor-section-height-min-height elementor-section-content-middle elementor-section-boxed elementor-section-height-default elementor-section-items-middle\" data-id=\"7fbd5b3b\" data-element_type=\"section\" data-e-type=\"section\" data-settings=\"{&quot;background_background&quot;:&quot;classic&quot;}\">\n\t\t\t\t\t\t\t<div class=\"elementor-background-overlay\"><\/div>\n\t\t\t\t\t\t\t<div class=\"elementor-container elementor-column-gap-no\">\n\t\t\t\t\t<div class=\"elementor-column elementor-col-100 elementor-top-column elementor-element elementor-element-266bd656\" data-id=\"266bd656\" data-element_type=\"column\" data-e-type=\"column\">\n\t\t\t<div class=\"elementor-widget-wrap elementor-element-populated\">\n\t\t\t\t\t\t<div class=\"elementor-element elementor-element-77cdee57 elementor-widget-divider--view-line elementor-widget elementor-widget-divider\" data-id=\"77cdee57\" data-element_type=\"widget\" data-e-type=\"widget\" data-widget_type=\"divider.default\">\n\t\t\t\t<div class=\"elementor-widget-container\">\n\t\t\t\t\t\t\t<div class=\"elementor-divider\">\n\t\t\t<span class=\"elementor-divider-separator\">\n\t\t\t\t\t\t<\/span>\n\t\t<\/div>\n\t\t\t\t\t\t<\/div>\n\t\t\t\t<\/div>\n\t\t\t\t<div class=\"elementor-element elementor-element-83f69d5 elementor-widget elementor-widget-text-editor\" data-id=\"83f69d5\" data-element_type=\"widget\" data-e-type=\"widget\" data-widget_type=\"text-editor.default\">\n\t\t\t\t<div class=\"elementor-widget-container\">\n\t\t\t\t\t\t\t\t\t<p><span data-sheets-value=\"{&quot;1&quot;:2,&quot;2&quot;:&quot;La technologie pour prendre l\u2019ascendant sur la concurrence&quot;}\" data-sheets-userformat=\"{&quot;2&quot;:14593,&quot;3&quot;:{&quot;1&quot;:0,&quot;3&quot;:1},&quot;11&quot;:4,&quot;14&quot;:[null,2,6684876],&quot;15&quot;:&quot;Calibri&quot;,&quot;16&quot;:11}\">La technologie pour prendre l\u2019ascendant sur la concurrence<\/span><\/p>\t\t\t\t\t\t\t\t<\/div>\n\t\t\t\t<\/div>\n\t\t\t\t\t<\/div>\n\t\t<\/div>\n\t\t\t\t\t<\/div>\n\t\t<\/section>\n\t\t\t\t<section class=\"elementor-section elementor-top-section elementor-element elementor-element-13150b4e elementor-section-boxed elementor-section-height-default elementor-section-height-default\" data-id=\"13150b4e\" data-element_type=\"section\" data-e-type=\"section\">\n\t\t\t\t\t\t<div class=\"elementor-container elementor-column-gap-default\">\n\t\t\t\t\t<div class=\"elementor-column elementor-col-100 elementor-top-column elementor-element elementor-element-35229d13\" data-id=\"35229d13\" data-element_type=\"column\" data-e-type=\"column\">\n\t\t\t<div class=\"elementor-widget-wrap elementor-element-populated\">\n\t\t\t\t\t\t<div class=\"elementor-element elementor-element-4623ad77 elementor-widget elementor-widget-heading\" data-id=\"4623ad77\" data-element_type=\"widget\" data-e-type=\"widget\" data-widget_type=\"heading.default\">\n\t\t\t\t<div class=\"elementor-widget-container\">\n\t\t\t\t\t<h2 class=\"elementor-heading-title elementor-size-default\">Dans de multiples secteurs (de la finance \u00e0 l\u2019agriculture en passant par l'\u00e9nergie, la vente de d\u00e9tail, la sant\u00e9 et la fabrication), les entreprises doivent rester comp\u00e9titives dans une \u00e9conomie mondialis\u00e9e. En acqu\u00e9rant, en s\u00e9lectionnant et en int\u00e9grant des technologies isra\u00e9liennes de pointe, IdealityRoads contribue \u00e0 la transformation d\u2019entreprises issues de multiples secteurs, et les rend ainsi plus comp\u00e9titives et rentables. <\/h2>\t\t\t\t<\/div>\n\t\t\t\t<\/div>\n\t\t\t\t<div class=\"elementor-element elementor-element-61516c81 elementor-widget elementor-widget-text-editor\" data-id=\"61516c81\" data-element_type=\"widget\" data-e-type=\"widget\" data-widget_type=\"text-editor.default\">\n\t\t\t\t<div class=\"elementor-widget-container\">\n\t\t\t\t\t\t\t\t\t<p>Isra\u00ebl, la \u00ab Start-up Nation \u00bb, est en t\u00eate des classements mondiaux des start-ups de haute technologie par habitant, mais aussi en mati\u00e8re d\u2019intensit\u00e9 d\u2019efforts de R&amp;D et de brevets par habitant. D\u2019innombrables d\u00e9l\u00e9gations viennent du monde entier pour faire l\u2019exp\u00e9rience de l\u2019innovation isra\u00e9lienne. Malgr\u00e9 tout, pour la plupart des entreprises, il reste difficile d\u2019identifier, de valider et de faire affaire avec les bonnes start-ups isra\u00e9liennes. Plus de 530 multinationales y ont \u00e9tabli une pr\u00e9sence physique \u00e0 cette seule fin. Notre service d&#8217;acquisition de technologies permet pr\u00e9cis\u00e9ment d&#8217;acc\u00e9der \u00e0 tous les avantages de l\u2019innovation isra\u00e9lienne au moyen d\u2019un cadre flexible et efficace sur le plan du capital.<\/p><p>En adoptant une vision holistique et \u00e0 long terme, IdealityRoads cherche \u00e0 transformer fondamentalement une entreprise en mettant en \u0153uvre les solutions technologiques les plus adapt\u00e9es et les plus sophistiqu\u00e9es. Gr\u00e2ce \u00e0 une compr\u00e9hension approfondie des objectifs, des actifs, des d\u00e9fis et de l\u2019environnement op\u00e9rationnel de ses clients, la soci\u00e9t\u00e9 leur pr\u00e9sente un \u00e9ventail de solutions de pointe et prometteuses, qui leur permettront d&#8217;\u00e9tablir de nouvelles sources de revenus, d&#8217;accro\u00eetre leur rentabilit\u00e9 et de gagner en efficacit\u00e9 et en fluidit\u00e9.<\/p><p>En appliquant les enseignements acquis au cours de dizaines d&#8217;ann\u00e9es de travail en Isra\u00ebl et \u00e0 l&#8217;\u00e9tranger, IdealityRoads a mis au point un processus propri\u00e9taire qui surmonte les obstacles culturels, linguistiques et commerciaux qui se dressent entre les investisseurs et les start-ups isra\u00e9liennes. La soci\u00e9t\u00e9 b\u00e9n\u00e9ficie de l\u2019exp\u00e9rience combin\u00e9e de centaines de contrats d\u2019investissement, de distribution et de licence pour diriger un processus de n\u00e9gociation sur mesure, afin d\u2019obtenir les meilleures conditions et de prot\u00e9ger les int\u00e9r\u00eats de ses clients. Enfin, comme IdealityRoads cherche \u00e0 d\u00e9velopper des relations \u00e0 long terme avec ses clients, son \u00e9quipe reste enti\u00e8rement disponible pour apporter un soutien continu si n\u00e9cessaire.<\/p>\t\t\t\t\t\t\t\t<\/div>\n\t\t\t\t<\/div>\n\t\t\t\t\t<\/div>\n\t\t<\/div>\n\t\t\t\t\t<\/div>\n\t\t<\/section>\n\t\t\t\t<\/div>\n\t\t","protected":false},"excerpt":{"rendered":"<p>La technologie pour prendre l\u2019ascendant sur la concurrence Dans de multiples secteurs (de la finance \u00e0 l\u2019agriculture en passant par l&#8217;\u00e9nergie, la vente de d\u00e9tail, la sant\u00e9 et la fabrication), les entreprises doivent rester comp\u00e9titives dans une \u00e9conomie mondialis\u00e9e. En acqu\u00e9rant, en s\u00e9lectionnant et en&#8230;<\/p>\n","protected":false},"author":4,"featured_media":4439,"parent":0,"menu_order":0,"comment_status":"closed","ping_status":"closed","template":"elementor_header_footer","meta":{"_acf_changed":false,"footnotes":""},"class_list":["post-4834","page","type-page","status-publish","has-post-thumbnail","hentry"],"acf":[],"_links":{"self":[{"href":"https:\/\/idealityroads.com\/index.php?rest_route=\/wp\/v2\/pages\/4834","targetHints":{"allow":["GET"]}}],"collection":[{"href":"https:\/\/idealityroads.com\/index.php?rest_route=\/wp\/v2\/pages"}],"about":[{"href":"https:\/\/idealityroads.com\/index.php?rest_route=\/wp\/v2\/types\/page"}],"author":[{"embeddable":true,"href":"https:\/\/idealityroads.com\/index.php?rest_route=\/wp\/v2\/users\/4"}],"replies":[{"embeddable":true,"href":"https:\/\/idealityroads.com\/index.php?rest_route=%2Fwp%2Fv2%2Fcomments&post=4834"}],"version-history":[{"count":0,"href":"https:\/\/idealityroads.com\/index.php?rest_route=\/wp\/v2\/pages\/4834\/revisions"}],"wp:featuredmedia":[{"embeddable":true,"href":"https:\/\/idealityroads.com\/index.php?rest_route=\/wp\/v2\/media\/4439"}],"wp:attachment":[{"href":"https:\/\/idealityroads.com\/index.php?rest_route=%2Fwp%2Fv2%2Fmedia&parent=4834"}],"curies":[{"name":"wp","href":"https:\/\/api.w.org\/{rel}","templated":true}]}}