{"id":5191,"date":"2019-04-28T18:58:30","date_gmt":"2019-04-28T18:58:30","guid":{"rendered":"https:\/\/idealityroads.com\/?page_id=5191"},"modified":"2019-05-13T08:51:40","modified_gmt":"2019-05-13T08:51:40","slug":"news-in-romanian","status":"publish","type":"page","link":"https:\/\/idealityroads.com\/?page_id=5191&lang=en","title":{"rendered":"\u0218tiri"},"content":{"rendered":"\t\t<div data-elementor-type=\"wp-post\" data-elementor-id=\"5191\" class=\"elementor elementor-5191\" data-elementor-post-type=\"page\">\n\t\t\t\t\t\t<section class=\"elementor-section elementor-top-section elementor-element elementor-element-375514f8 elementor-section-height-min-height elementor-section-content-middle elementor-section-boxed elementor-section-height-default elementor-section-items-middle\" data-id=\"375514f8\" data-element_type=\"section\" data-e-type=\"section\" data-settings=\"{&quot;background_background&quot;:&quot;classic&quot;}\">\n\t\t\t\t\t\t\t<div class=\"elementor-background-overlay\"><\/div>\n\t\t\t\t\t\t\t<div class=\"elementor-container elementor-column-gap-no\">\n\t\t\t\t\t<div class=\"elementor-column elementor-col-100 elementor-top-column elementor-element elementor-element-5f03f837\" data-id=\"5f03f837\" data-element_type=\"column\" data-e-type=\"column\">\n\t\t\t<div class=\"elementor-widget-wrap elementor-element-populated\">\n\t\t\t\t\t\t<div class=\"elementor-element elementor-element-64c774be elementor-widget-divider--view-line elementor-widget elementor-widget-divider\" data-id=\"64c774be\" data-element_type=\"widget\" data-e-type=\"widget\" data-widget_type=\"divider.default\">\n\t\t\t\t<div class=\"elementor-widget-container\">\n\t\t\t\t\t\t\t<div class=\"elementor-divider\">\n\t\t\t<span class=\"elementor-divider-separator\">\n\t\t\t\t\t\t<\/span>\n\t\t<\/div>\n\t\t\t\t\t\t<\/div>\n\t\t\t\t<\/div>\n\t\t\t\t<div class=\"elementor-element elementor-element-7e680572 elementor-widget elementor-widget-text-editor\" data-id=\"7e680572\" data-element_type=\"widget\" data-e-type=\"widget\" data-widget_type=\"text-editor.default\">\n\t\t\t\t<div class=\"elementor-widget-container\">\n\t\t\t\t\t\t\t\t\t<p>Reportaje recente \u00een pres\u0103 despre IdealityRoads<\/p>\t\t\t\t\t\t\t\t<\/div>\n\t\t\t\t<\/div>\n\t\t\t\t\t<\/div>\n\t\t<\/div>\n\t\t\t\t\t<\/div>\n\t\t<\/section>\n\t\t\t\t<section class=\"elementor-section elementor-top-section elementor-element elementor-element-155bf9d9 elementor-section-boxed elementor-section-height-default elementor-section-height-default\" data-id=\"155bf9d9\" data-element_type=\"section\" data-e-type=\"section\">\n\t\t\t\t\t\t<div class=\"elementor-container elementor-column-gap-default\">\n\t\t\t\t\t<div class=\"elementor-column elementor-col-100 elementor-top-column elementor-element elementor-element-6403f161\" data-id=\"6403f161\" data-element_type=\"column\" data-e-type=\"column\">\n\t\t\t<div class=\"elementor-widget-wrap elementor-element-populated\">\n\t\t\t\t\t\t<div class=\"elementor-element elementor-element-7be40c7 elementor-nav-menu__align-center elementor-nav-menu--stretch elementor-nav-menu__text-align-center elementor-nav-menu--dropdown-tablet elementor-nav-menu--toggle elementor-nav-menu--burger elementor-widget elementor-widget-nav-menu\" data-id=\"7be40c7\" data-element_type=\"widget\" data-e-type=\"widget\" data-settings=\"{&quot;full_width&quot;:&quot;stretch&quot;,&quot;layout&quot;:&quot;horizontal&quot;,&quot;submenu_icon&quot;:{&quot;value&quot;:&quot;&lt;i class=\\&quot;fas fa-caret-down\\&quot; aria-hidden=\\&quot;true\\&quot;&gt;&lt;\\\/i&gt;&quot;,&quot;library&quot;:&quot;fa-solid&quot;},&quot;toggle&quot;:&quot;burger&quot;}\" data-widget_type=\"nav-menu.default\">\n\t\t\t\t<div class=\"elementor-widget-container\">\n\t\t\t\t\t\t\t\t<nav aria-label=\"Menu\" class=\"elementor-nav-menu--main elementor-nav-menu__container elementor-nav-menu--layout-horizontal e--pointer-underline e--animation-fade\">\n\t\t\t\t<ul id=\"menu-1-7be40c7\" class=\"elementor-nav-menu\"><li class=\"menu-item menu-item-type-custom menu-item-object-custom menu-item-5010\"><a href=\"https:\/\/idealityroads.com\/?page_id=4618&#038;lang=en\" class=\"elementor-item\">English<\/a><\/li>\n<li class=\"menu-item menu-item-type-custom menu-item-object-custom menu-item-5011\"><a href=\"https:\/\/idealityroads.com\/?page_id=3769&#038;lang=en\" class=\"elementor-item\">Spanish<\/a><\/li>\n<li class=\"menu-item menu-item-type-post_type menu-item-object-page menu-item-5235\"><a href=\"https:\/\/idealityroads.com\/?page_id=5062&#038;lang=pt\" class=\"elementor-item\">Portuguese<\/a><\/li>\n<li class=\"menu-item menu-item-type-custom menu-item-object-custom menu-item-5013\"><a href=\"https:\/\/idealityroads.com\/?page_id=5086&#038;lang=en\" class=\"elementor-item\">Mandarin<\/a><\/li>\n<li class=\"menu-item menu-item-type-custom menu-item-object-custom menu-item-5014\"><a href=\"https:\/\/idealityroads.com\/?page_id=5082&#038;lang=en\" class=\"elementor-item\">Greek<\/a><\/li>\n<li class=\"menu-item menu-item-type-custom menu-item-object-custom menu-item-5015\"><a href=\"https:\/\/idealityroads.com\/?page_id=5191&#038;lang=en\" class=\"elementor-item\">Romanian<\/a><\/li>\n<li class=\"menu-item menu-item-type-custom menu-item-object-custom menu-item-5016\"><a href=\"https:\/\/idealityroads.com\/?page_id=5074&#038;lang=en\" class=\"elementor-item\">Vietnamese<\/a><\/li>\n<li class=\"menu-item menu-item-type-custom menu-item-object-custom menu-item-5017\"><a href=\"https:\/\/idealityroads.com\/?page_id=5073&#038;lang=en\" class=\"elementor-item\">German<\/a><\/li>\n<\/ul>\t\t\t<\/nav>\n\t\t\t\t\t<div class=\"elementor-menu-toggle\" role=\"button\" tabindex=\"0\" aria-label=\"Menu Toggle\" aria-expanded=\"false\">\n\t\t\t<i aria-hidden=\"true\" role=\"presentation\" class=\"elementor-menu-toggle__icon--open eicon-menu-bar\"><\/i><i aria-hidden=\"true\" role=\"presentation\" class=\"elementor-menu-toggle__icon--close eicon-close\"><\/i>\t\t<\/div>\n\t\t\t\t\t<nav class=\"elementor-nav-menu--dropdown elementor-nav-menu__container\" aria-hidden=\"true\">\n\t\t\t\t<ul id=\"menu-2-7be40c7\" class=\"elementor-nav-menu\"><li class=\"menu-item menu-item-type-custom menu-item-object-custom menu-item-5010\"><a href=\"https:\/\/idealityroads.com\/?page_id=4618&#038;lang=en\" class=\"elementor-item\" tabindex=\"-1\">English<\/a><\/li>\n<li class=\"menu-item menu-item-type-custom menu-item-object-custom menu-item-5011\"><a href=\"https:\/\/idealityroads.com\/?page_id=3769&#038;lang=en\" class=\"elementor-item\" tabindex=\"-1\">Spanish<\/a><\/li>\n<li class=\"menu-item menu-item-type-post_type menu-item-object-page menu-item-5235\"><a href=\"https:\/\/idealityroads.com\/?page_id=5062&#038;lang=pt\" class=\"elementor-item\" tabindex=\"-1\">Portuguese<\/a><\/li>\n<li class=\"menu-item menu-item-type-custom menu-item-object-custom menu-item-5013\"><a href=\"https:\/\/idealityroads.com\/?page_id=5086&#038;lang=en\" class=\"elementor-item\" tabindex=\"-1\">Mandarin<\/a><\/li>\n<li class=\"menu-item menu-item-type-custom menu-item-object-custom menu-item-5014\"><a href=\"https:\/\/idealityroads.com\/?page_id=5082&#038;lang=en\" class=\"elementor-item\" tabindex=\"-1\">Greek<\/a><\/li>\n<li class=\"menu-item menu-item-type-custom menu-item-object-custom menu-item-5015\"><a href=\"https:\/\/idealityroads.com\/?page_id=5191&#038;lang=en\" class=\"elementor-item\" tabindex=\"-1\">Romanian<\/a><\/li>\n<li class=\"menu-item menu-item-type-custom menu-item-object-custom menu-item-5016\"><a href=\"https:\/\/idealityroads.com\/?page_id=5074&#038;lang=en\" class=\"elementor-item\" tabindex=\"-1\">Vietnamese<\/a><\/li>\n<li class=\"menu-item menu-item-type-custom menu-item-object-custom menu-item-5017\"><a href=\"https:\/\/idealityroads.com\/?page_id=5073&#038;lang=en\" class=\"elementor-item\" tabindex=\"-1\">German<\/a><\/li>\n<\/ul>\t\t\t<\/nav>\n\t\t\t\t\t\t<\/div>\n\t\t\t\t<\/div>\n\t\t\t\t\t<\/div>\n\t\t<\/div>\n\t\t\t\t\t<\/div>\n\t\t<\/section>\n\t\t\t\t<section class=\"elementor-section elementor-top-section elementor-element elementor-element-ddc5181 elementor-section-boxed elementor-section-height-default elementor-section-height-default\" data-id=\"ddc5181\" data-element_type=\"section\" data-e-type=\"section\">\n\t\t\t\t\t\t<div class=\"elementor-container elementor-column-gap-default\">\n\t\t\t\t\t<div class=\"elementor-column elementor-col-25 elementor-top-column elementor-element elementor-element-1b45a96\" data-id=\"1b45a96\" data-element_type=\"column\" data-e-type=\"column\">\n\t\t\t<div class=\"elementor-widget-wrap elementor-element-populated\">\n\t\t\t\t\t\t<div class=\"elementor-element elementor-element-908b3ea elementor-position-top elementor-widget elementor-widget-image-box\" data-id=\"908b3ea\" data-element_type=\"widget\" data-e-type=\"widget\" english=\"\" data-widget_type=\"image-box.default\">\n\t\t\t\t<div class=\"elementor-widget-container\">\n\t\t\t\t\t<div class=\"elementor-image-box-wrapper\"><figure class=\"elementor-image-box-img\"><a href=\"https:\/\/www.senat.ro\/StiriSenatDetaliu.aspx?ID=fb478097-dc1e-4724-8202-4e5f8f17f49d\" target=\"_blank\" tabindex=\"-1\"><img fetchpriority=\"high\" decoding=\"async\" width=\"300\" height=\"200\" src=\"https:\/\/idealityroads.com\/wp-content\/uploads\/2019\/05\/SR-18.6.jpg\" class=\"attachment-full size-full wp-image-5331\" alt=\"\" \/><\/a><\/figure><div class=\"elementor-image-box-content\"><h3 class=\"elementor-image-box-title\"><a href=\"https:\/\/www.senat.ro\/StiriSenatDetaliu.aspx?ID=fb478097-dc1e-4724-8202-4e5f8f17f49d\" target=\"_blank\">Senatul Rom\u00e2niei<\/a><\/h3><p class=\"elementor-image-box-description\">Declara\u0163iile domnului C\u0103lin Popescu-T\u0103riceanu, Pre\u015fedintele Senatului Rom\u00e2niei, la finalul \u00eentrevederii cu o delega\u0163ie de oameni de afaceri israelieni\n<\/p><\/div><\/div>\t\t\t\t<\/div>\n\t\t\t\t<\/div>\n\t\t\t\t<div class=\"elementor-element elementor-element-3a59b36 elementor-align-center elementor-widget elementor-widget-button\" data-id=\"3a59b36\" data-element_type=\"widget\" data-e-type=\"widget\" data-widget_type=\"button.default\">\n\t\t\t\t<div class=\"elementor-widget-container\">\n\t\t\t\t\t\t\t\t\t<div class=\"elementor-button-wrapper\">\n\t\t\t\t\t<a class=\"elementor-button elementor-button-link elementor-size-sm\" href=\"https:\/\/www.senat.ro\/StiriSenatDetaliu.aspx?ID=fb478097-dc1e-4724-8202-4e5f8f17f49d\">\n\t\t\t\t\t\t<span class=\"elementor-button-content-wrapper\">\n\t\t\t\t\t\t<span class=\"elementor-button-icon\">\n\t\t\t\t\t\t\t\t\t<i class=\"fa fa-arrow-circle-right\" aria-hidden=\"true\"><\/i>\n\t\t\t\t\t\t\t<\/span>\n\t\t\t\t\t\t\t\t\t<span class=\"elementor-button-text\">June 18, 2016<\/span>\n\t\t\t\t\t<\/span>\n\t\t\t\t\t<\/a>\n\t\t\t\t<\/div>\n\t\t\t\t\t\t\t\t<\/div>\n\t\t\t\t<\/div>\n\t\t\t\t\t<\/div>\n\t\t<\/div>\n\t\t\t\t<div class=\"elementor-column elementor-col-25 elementor-top-column elementor-element elementor-element-29df090\" data-id=\"29df090\" data-element_type=\"column\" data-e-type=\"column\">\n\t\t\t<div class=\"elementor-widget-wrap elementor-element-populated\">\n\t\t\t\t\t\t<div class=\"elementor-element elementor-element-b345494 elementor-position-top elementor-widget elementor-widget-image-box\" data-id=\"b345494\" data-element_type=\"widget\" data-e-type=\"widget\" english=\"\" data-widget_type=\"image-box.default\">\n\t\t\t\t<div class=\"elementor-widget-container\">\n\t\t\t\t\t<div class=\"elementor-image-box-wrapper\"><figure class=\"elementor-image-box-img\"><a href=\"https:\/\/www.zf.ro\/business-hi-tech\/oren-gers-htein-cel-facut-strategia-israelului-it-program-sprijinire-start-up-urilor-hi-tech-finantat-stat-asume-riscuri-privatii-sansa-dezvoltare-romaniei-15498314\" target=\"_blank\" tabindex=\"-1\"><img decoding=\"async\" width=\"300\" height=\"200\" src=\"https:\/\/idealityroads.com\/wp-content\/uploads\/2019\/05\/ZF-17.6.jpg\" class=\"attachment-full size-full wp-image-5328\" alt=\"\" \/><\/a><\/figure><div class=\"elementor-image-box-content\"><h3 class=\"elementor-image-box-title\"><a href=\"https:\/\/www.zf.ro\/business-hi-tech\/oren-gers-htein-cel-facut-strategia-israelului-it-program-sprijinire-start-up-urilor-hi-tech-finantat-stat-asume-riscuri-privatii-sansa-dezvoltare-romaniei-15498314\" target=\"_blank\">Ziarul Financiar<\/a><\/h3><p class=\"elementor-image-box-description\">Oren Gers\u00adhtein, cel care a f\u0103cut strategia Israelului \u00een IT: Un program de sprijinire a start-up-urilor hi-tech, finan\u0163at de stat dar \u00een care s\u0103-\u015fi asume riscuri \u015fi priva\u0163ii este \u015fansa de dezvoltare a Rom\u00e2niei<\/p><\/div><\/div>\t\t\t\t<\/div>\n\t\t\t\t<\/div>\n\t\t\t\t<div class=\"elementor-element elementor-element-f57746d elementor-align-center elementor-widget elementor-widget-button\" data-id=\"f57746d\" data-element_type=\"widget\" data-e-type=\"widget\" data-widget_type=\"button.default\">\n\t\t\t\t<div class=\"elementor-widget-container\">\n\t\t\t\t\t\t\t\t\t<div class=\"elementor-button-wrapper\">\n\t\t\t\t\t<a class=\"elementor-button elementor-button-link elementor-size-sm\" href=\"https:\/\/www.zf.ro\/business-hi-tech\/oren-gers-htein-cel-facut-strategia-israelului-it-program-sprijinire-start-up-urilor-hi-tech-finantat-stat-asume-riscuri-privatii-sansa-dezvoltare-romaniei-15498314\">\n\t\t\t\t\t\t<span class=\"elementor-button-content-wrapper\">\n\t\t\t\t\t\t<span class=\"elementor-button-icon\">\n\t\t\t\t\t\t\t\t\t<i class=\"fa fa-arrow-circle-right\" aria-hidden=\"true\"><\/i>\n\t\t\t\t\t\t\t<\/span>\n\t\t\t\t\t\t\t\t\t<span class=\"elementor-button-text\">June 17, 2016<\/span>\n\t\t\t\t\t<\/span>\n\t\t\t\t\t<\/a>\n\t\t\t\t<\/div>\n\t\t\t\t\t\t\t\t<\/div>\n\t\t\t\t<\/div>\n\t\t\t\t\t<\/div>\n\t\t<\/div>\n\t\t\t\t<div class=\"elementor-column elementor-col-25 elementor-top-column elementor-element elementor-element-be1fdbf\" data-id=\"be1fdbf\" data-element_type=\"column\" data-e-type=\"column\">\n\t\t\t<div class=\"elementor-widget-wrap elementor-element-populated\">\n\t\t\t\t\t\t<div class=\"elementor-element elementor-element-7cf4d26 elementor-position-top elementor-widget elementor-widget-image-box\" data-id=\"7cf4d26\" data-element_type=\"widget\" data-e-type=\"widget\" english=\"\" data-widget_type=\"image-box.default\">\n\t\t\t\t<div class=\"elementor-widget-container\">\n\t\t\t\t\t<div class=\"elementor-image-box-wrapper\"><figure class=\"elementor-image-box-img\"><a href=\"http:\/\/agro-tv.ro\/irimescu-vrea-un-sistem-informatic-de-raportare-si-centralizare-a-datelor-privind-productiile-agricole\/\" target=\"_blank\" tabindex=\"-1\"><img decoding=\"async\" width=\"300\" height=\"200\" src=\"https:\/\/idealityroads.com\/wp-content\/uploads\/2019\/05\/Agro-TV-16.6.jpg\" class=\"attachment-full size-full wp-image-5325\" alt=\"\" \/><\/a><\/figure><div class=\"elementor-image-box-content\"><h3 class=\"elementor-image-box-title\"><a href=\"http:\/\/agro-tv.ro\/irimescu-vrea-un-sistem-informatic-de-raportare-si-centralizare-a-datelor-privind-productiile-agricole\/\" target=\"_blank\">Agro TV<\/a><\/h3><p class=\"elementor-image-box-description\">Irimescu Vrea Un Sistem Informatic De Raportare \u015ei Centralizare A Datelor Privind Produc\u0163iile Agricole<\/p><\/div><\/div>\t\t\t\t<\/div>\n\t\t\t\t<\/div>\n\t\t\t\t<div class=\"elementor-element elementor-element-eb34d25 elementor-align-center elementor-widget elementor-widget-button\" data-id=\"eb34d25\" data-element_type=\"widget\" data-e-type=\"widget\" data-widget_type=\"button.default\">\n\t\t\t\t<div class=\"elementor-widget-container\">\n\t\t\t\t\t\t\t\t\t<div class=\"elementor-button-wrapper\">\n\t\t\t\t\t<a class=\"elementor-button elementor-button-link elementor-size-sm\" href=\"http:\/\/agro-tv.ro\/irimescu-vrea-un-sistem-informatic-de-raportare-si-centralizare-a-datelor-privind-productiile-agricole\/\">\n\t\t\t\t\t\t<span class=\"elementor-button-content-wrapper\">\n\t\t\t\t\t\t<span class=\"elementor-button-icon\">\n\t\t\t\t\t\t\t\t\t<i class=\"fa fa-arrow-circle-right\" aria-hidden=\"true\"><\/i>\n\t\t\t\t\t\t\t<\/span>\n\t\t\t\t\t\t\t\t\t<span class=\"elementor-button-text\">June 16, 2016<\/span>\n\t\t\t\t\t<\/span>\n\t\t\t\t\t<\/a>\n\t\t\t\t<\/div>\n\t\t\t\t\t\t\t\t<\/div>\n\t\t\t\t<\/div>\n\t\t\t\t\t<\/div>\n\t\t<\/div>\n\t\t\t\t<div class=\"elementor-column elementor-col-25 elementor-top-column elementor-element elementor-element-65c21c7\" data-id=\"65c21c7\" data-element_type=\"column\" data-e-type=\"column\">\n\t\t\t<div class=\"elementor-widget-wrap elementor-element-populated\">\n\t\t\t\t\t\t<div class=\"elementor-element elementor-element-bb6d00d elementor-position-top elementor-widget elementor-widget-image-box\" data-id=\"bb6d00d\" data-element_type=\"widget\" data-e-type=\"widget\" english=\"\" data-widget_type=\"image-box.default\">\n\t\t\t\t<div class=\"elementor-widget-container\">\n\t\t\t\t\t<div class=\"elementor-image-box-wrapper\"><figure class=\"elementor-image-box-img\"><a href=\"http:\/\/www.madr.ro\/comunicare\/3154-comunicat-de-presa.html\" target=\"_blank\" tabindex=\"-1\"><img loading=\"lazy\" decoding=\"async\" width=\"300\" height=\"200\" src=\"https:\/\/idealityroads.com\/wp-content\/uploads\/2019\/05\/MADR-16.6.jpg\" class=\"attachment-full size-full wp-image-5322\" alt=\"\" \/><\/a><\/figure><div class=\"elementor-image-box-content\"><h3 class=\"elementor-image-box-title\"><a href=\"http:\/\/www.madr.ro\/comunicare\/3154-comunicat-de-presa.html\" target=\"_blank\">MADR<\/a><\/h3><p class=\"elementor-image-box-description\">COMUNICAT DE PRES\u0102<\/p><\/div><\/div>\t\t\t\t<\/div>\n\t\t\t\t<\/div>\n\t\t\t\t<div class=\"elementor-element elementor-element-e773307 elementor-align-center elementor-widget elementor-widget-button\" data-id=\"e773307\" data-element_type=\"widget\" data-e-type=\"widget\" data-widget_type=\"button.default\">\n\t\t\t\t<div class=\"elementor-widget-container\">\n\t\t\t\t\t\t\t\t\t<div class=\"elementor-button-wrapper\">\n\t\t\t\t\t<a class=\"elementor-button elementor-button-link elementor-size-sm\" href=\"http:\/\/www.madr.ro\/comunicare\/3154-comunicat-de-presa.html\">\n\t\t\t\t\t\t<span class=\"elementor-button-content-wrapper\">\n\t\t\t\t\t\t<span class=\"elementor-button-icon\">\n\t\t\t\t\t\t\t\t\t<i class=\"fa fa-arrow-circle-right\" aria-hidden=\"true\"><\/i>\n\t\t\t\t\t\t\t<\/span>\n\t\t\t\t\t\t\t\t\t<span class=\"elementor-button-text\">June 16, 2016<\/span>\n\t\t\t\t\t<\/span>\n\t\t\t\t\t<\/a>\n\t\t\t\t<\/div>\n\t\t\t\t\t\t\t\t<\/div>\n\t\t\t\t<\/div>\n\t\t\t\t\t<\/div>\n\t\t<\/div>\n\t\t\t\t\t<\/div>\n\t\t<\/section>\n\t\t\t\t<section class=\"elementor-section elementor-top-section elementor-element elementor-element-eace358 elementor-section-boxed elementor-section-height-default elementor-section-height-default\" data-id=\"eace358\" data-element_type=\"section\" data-e-type=\"section\">\n\t\t\t\t\t\t<div class=\"elementor-container elementor-column-gap-default\">\n\t\t\t\t\t<div class=\"elementor-column elementor-col-25 elementor-top-column elementor-element elementor-element-83f6a34\" data-id=\"83f6a34\" data-element_type=\"column\" data-e-type=\"column\">\n\t\t\t<div class=\"elementor-widget-wrap elementor-element-populated\">\n\t\t\t\t\t\t<div class=\"elementor-element elementor-element-27cc7e9 elementor-position-top elementor-widget elementor-widget-image-box\" data-id=\"27cc7e9\" data-element_type=\"widget\" data-e-type=\"widget\" english=\"\" data-widget_type=\"image-box.default\">\n\t\t\t\t<div class=\"elementor-widget-container\">\n\t\t\t\t\t<div class=\"elementor-image-box-wrapper\"><figure class=\"elementor-image-box-img\"><a href=\"https:\/\/www.promptmedia.ro\/2016\/06\/bucuresti-tariceanu-despre-miracolul-economic-israelian\/\" target=\"_blank\" tabindex=\"-1\"><img loading=\"lazy\" decoding=\"async\" width=\"300\" height=\"200\" src=\"https:\/\/idealityroads.com\/wp-content\/uploads\/2019\/05\/Prompt-Media-15.6.jpg\" class=\"attachment-full size-full wp-image-5319\" alt=\"\" \/><\/a><\/figure><div class=\"elementor-image-box-content\"><h3 class=\"elementor-image-box-title\"><a href=\"https:\/\/www.promptmedia.ro\/2016\/06\/bucuresti-tariceanu-despre-miracolul-economic-israelian\/\" target=\"_blank\">Prompt Media<\/a><\/h3><p class=\"elementor-image-box-description\">Bucure\u0219ti: T\u0103riceanu, despre miracolul economic israelian\n<\/p><\/div><\/div>\t\t\t\t<\/div>\n\t\t\t\t<\/div>\n\t\t\t\t<div class=\"elementor-element elementor-element-e7973a8 elementor-align-center elementor-widget elementor-widget-button\" data-id=\"e7973a8\" data-element_type=\"widget\" data-e-type=\"widget\" data-widget_type=\"button.default\">\n\t\t\t\t<div class=\"elementor-widget-container\">\n\t\t\t\t\t\t\t\t\t<div class=\"elementor-button-wrapper\">\n\t\t\t\t\t<a class=\"elementor-button elementor-button-link elementor-size-sm\" href=\"https:\/\/www.promptmedia.ro\/2016\/06\/bucuresti-tariceanu-despre-miracolul-economic-israelian\/\">\n\t\t\t\t\t\t<span class=\"elementor-button-content-wrapper\">\n\t\t\t\t\t\t<span class=\"elementor-button-icon\">\n\t\t\t\t\t\t\t\t\t<i class=\"fa fa-arrow-circle-right\" aria-hidden=\"true\"><\/i>\n\t\t\t\t\t\t\t<\/span>\n\t\t\t\t\t\t\t\t\t<span class=\"elementor-button-text\">June 15, 2016<\/span>\n\t\t\t\t\t<\/span>\n\t\t\t\t\t<\/a>\n\t\t\t\t<\/div>\n\t\t\t\t\t\t\t\t<\/div>\n\t\t\t\t<\/div>\n\t\t\t\t\t<\/div>\n\t\t<\/div>\n\t\t\t\t<div class=\"elementor-column elementor-col-25 elementor-top-column elementor-element elementor-element-62f9294\" data-id=\"62f9294\" data-element_type=\"column\" data-e-type=\"column\">\n\t\t\t<div class=\"elementor-widget-wrap elementor-element-populated\">\n\t\t\t\t\t\t<div class=\"elementor-element elementor-element-123e972 elementor-position-top elementor-widget elementor-widget-image-box\" data-id=\"123e972\" data-element_type=\"widget\" data-e-type=\"widget\" english=\"\" data-widget_type=\"image-box.default\">\n\t\t\t\t<div class=\"elementor-widget-container\">\n\t\t\t\t\t<div class=\"elementor-image-box-wrapper\"><figure class=\"elementor-image-box-img\"><a href=\"https:\/\/romanialibera.ro\/politica\/partide\/tariceanu-propune-guvernului-sa-analizeze-modelul-economic-israelian-419824\" target=\"_blank\" tabindex=\"-1\"><img loading=\"lazy\" decoding=\"async\" width=\"300\" height=\"200\" src=\"https:\/\/idealityroads.com\/wp-content\/uploads\/2019\/05\/Romania-Liber-15.6.jpg\" class=\"attachment-full size-full wp-image-5316\" alt=\"\" \/><\/a><\/figure><div class=\"elementor-image-box-content\"><h3 class=\"elementor-image-box-title\"><a href=\"https:\/\/romanialibera.ro\/politica\/partide\/tariceanu-propune-guvernului-sa-analizeze-modelul-economic-israelian-419824\" target=\"_blank\">Romania Libera<\/a><\/h3><p class=\"elementor-image-box-description\">T\u0103riceanu propune Guvernului s\u0103 analizeze modelul economic israelian<\/p><\/div><\/div>\t\t\t\t<\/div>\n\t\t\t\t<\/div>\n\t\t\t\t<div class=\"elementor-element elementor-element-150b1cc elementor-align-center elementor-widget elementor-widget-button\" data-id=\"150b1cc\" data-element_type=\"widget\" data-e-type=\"widget\" data-widget_type=\"button.default\">\n\t\t\t\t<div class=\"elementor-widget-container\">\n\t\t\t\t\t\t\t\t\t<div class=\"elementor-button-wrapper\">\n\t\t\t\t\t<a class=\"elementor-button elementor-button-link elementor-size-sm\" href=\"https:\/\/romanialibera.ro\/politica\/partide\/tariceanu-propune-guvernului-sa-analizeze-modelul-economic-israelian-419824\">\n\t\t\t\t\t\t<span class=\"elementor-button-content-wrapper\">\n\t\t\t\t\t\t<span class=\"elementor-button-icon\">\n\t\t\t\t\t\t\t\t\t<i class=\"fa fa-arrow-circle-right\" aria-hidden=\"true\"><\/i>\n\t\t\t\t\t\t\t<\/span>\n\t\t\t\t\t\t\t\t\t<span class=\"elementor-button-text\">June 15, 2016<\/span>\n\t\t\t\t\t<\/span>\n\t\t\t\t\t<\/a>\n\t\t\t\t<\/div>\n\t\t\t\t\t\t\t\t<\/div>\n\t\t\t\t<\/div>\n\t\t\t\t\t<\/div>\n\t\t<\/div>\n\t\t\t\t<div class=\"elementor-column elementor-col-25 elementor-top-column elementor-element elementor-element-e31769c\" data-id=\"e31769c\" data-element_type=\"column\" data-e-type=\"column\">\n\t\t\t<div class=\"elementor-widget-wrap\">\n\t\t\t\t\t\t\t<\/div>\n\t\t<\/div>\n\t\t\t\t<div class=\"elementor-column elementor-col-25 elementor-top-column elementor-element elementor-element-9818e26\" data-id=\"9818e26\" data-element_type=\"column\" data-e-type=\"column\">\n\t\t\t<div class=\"elementor-widget-wrap\">\n\t\t\t\t\t\t\t<\/div>\n\t\t<\/div>\n\t\t\t\t\t<\/div>\n\t\t<\/section>\n\t\t\t\t<\/div>\n\t\t","protected":false},"excerpt":{"rendered":"<p>Reportaje recente \u00een pres\u0103 despre IdealityRoads Senatul Rom\u00e2niei Declara\u0163iile domnului C\u0103lin Popescu-T\u0103riceanu, Pre\u015fedintele Senatului Rom\u00e2niei, la finalul \u00eentrevederii cu o delega\u0163ie de oameni de afaceri israelieni June 18, 2016 Ziarul Financiar Oren Gers\u00adhtein, cel care a f\u0103cut strategia Israelului \u00een IT: Un program de sprijinire&#8230;<\/p>\n","protected":false},"author":4,"featured_media":4719,"parent":0,"menu_order":0,"comment_status":"closed","ping_status":"closed","template":"elementor_header_footer","meta":{"_acf_changed":false,"footnotes":""},"class_list":["post-5191","page","type-page","status-publish","has-post-thumbnail","hentry"],"acf":[],"_links":{"self":[{"href":"https:\/\/idealityroads.com\/index.php?rest_route=\/wp\/v2\/pages\/5191","targetHints":{"allow":["GET"]}}],"collection":[{"href":"https:\/\/idealityroads.com\/index.php?rest_route=\/wp\/v2\/pages"}],"about":[{"href":"https:\/\/idealityroads.com\/index.php?rest_route=\/wp\/v2\/types\/page"}],"author":[{"embeddable":true,"href":"https:\/\/idealityroads.com\/index.php?rest_route=\/wp\/v2\/users\/4"}],"replies":[{"embeddable":true,"href":"https:\/\/idealityroads.com\/index.php?rest_route=%2Fwp%2Fv2%2Fcomments&post=5191"}],"version-history":[{"count":0,"href":"https:\/\/idealityroads.com\/index.php?rest_route=\/wp\/v2\/pages\/5191\/revisions"}],"wp:featuredmedia":[{"embeddable":true,"href":"https:\/\/idealityroads.com\/index.php?rest_route=\/wp\/v2\/media\/4719"}],"wp:attachment":[{"href":"https:\/\/idealityroads.com\/index.php?rest_route=%2Fwp%2Fv2%2Fmedia&parent=5191"}],"curies":[{"name":"wp","href":"https:\/\/api.w.org\/{rel}","templated":true}]}}