{"id":5518,"date":"2019-08-28T20:00:25","date_gmt":"2019-08-28T20:00:25","guid":{"rendered":"https:\/\/idealityroads.com\/?page_id=5518"},"modified":"2020-02-27T08:51:48","modified_gmt":"2020-02-27T08:51:48","slug":"sourcing-de-innovacion-corporativa-2","status":"publish","type":"page","link":"https:\/\/idealityroads.com\/?page_id=5518&lang=es","title":{"rendered":"Sourcing de innovaci\u00f3n corporativa"},"content":{"rendered":"\t\t<div data-elementor-type=\"wp-post\" data-elementor-id=\"5518\" class=\"elementor elementor-5518\" data-elementor-post-type=\"page\">\n\t\t\t\t\t\t<section class=\"elementor-section elementor-top-section elementor-element elementor-element-7fbd5b3b elementor-section-height-min-height elementor-section-content-middle elementor-section-boxed elementor-section-height-default elementor-section-items-middle\" data-id=\"7fbd5b3b\" data-element_type=\"section\" data-e-type=\"section\" data-settings=\"{&quot;background_background&quot;:&quot;classic&quot;}\">\n\t\t\t\t\t\t\t<div class=\"elementor-background-overlay\"><\/div>\n\t\t\t\t\t\t\t<div class=\"elementor-container elementor-column-gap-no\">\n\t\t\t\t\t<div class=\"elementor-column elementor-col-100 elementor-top-column elementor-element elementor-element-266bd656\" data-id=\"266bd656\" data-element_type=\"column\" data-e-type=\"column\">\n\t\t\t<div class=\"elementor-widget-wrap elementor-element-populated\">\n\t\t\t\t\t\t<div class=\"elementor-element elementor-element-77cdee57 elementor-widget-divider--view-line elementor-widget elementor-widget-divider\" data-id=\"77cdee57\" data-element_type=\"widget\" data-e-type=\"widget\" data-widget_type=\"divider.default\">\n\t\t\t\t<div class=\"elementor-widget-container\">\n\t\t\t\t\t\t\t<div class=\"elementor-divider\">\n\t\t\t<span class=\"elementor-divider-separator\">\n\t\t\t\t\t\t<\/span>\n\t\t<\/div>\n\t\t\t\t\t\t<\/div>\n\t\t\t\t<\/div>\n\t\t\t\t<div class=\"elementor-element elementor-element-83f69d5 elementor-widget elementor-widget-text-editor\" data-id=\"83f69d5\" data-element_type=\"widget\" data-e-type=\"widget\" data-widget_type=\"text-editor.default\">\n\t\t\t\t<div class=\"elementor-widget-container\">\n\t\t\t\t\t\t\t\t\t<p>Fomentar la tecnolog\u00eda para crear una ventaja competitiva<\/p>\t\t\t\t\t\t\t\t<\/div>\n\t\t\t\t<\/div>\n\t\t\t\t\t<\/div>\n\t\t<\/div>\n\t\t\t\t\t<\/div>\n\t\t<\/section>\n\t\t\t\t<section class=\"elementor-section elementor-top-section elementor-element elementor-element-9104ca2 elementor-section-boxed elementor-section-height-default elementor-section-height-default\" data-id=\"9104ca2\" data-element_type=\"section\" data-e-type=\"section\">\n\t\t\t\t\t\t<div class=\"elementor-container elementor-column-gap-default\">\n\t\t\t\t\t<div class=\"elementor-column elementor-col-100 elementor-top-column elementor-element elementor-element-9a30714\" data-id=\"9a30714\" data-element_type=\"column\" data-e-type=\"column\">\n\t\t\t<div class=\"elementor-widget-wrap elementor-element-populated\">\n\t\t\t\t\t\t<div class=\"elementor-element elementor-element-92f34f3 elementor-widget elementor-widget-heading\" data-id=\"92f34f3\" data-element_type=\"widget\" data-e-type=\"widget\" data-widget_type=\"heading.default\">\n\t\t\t\t<div class=\"elementor-widget-container\">\n\t\t\t\t\t<h2 class=\"elementor-heading-title elementor-size-default\">En distintos sectores, desde finanzas hasta agricultura, energ\u00eda y comercio minorista, salud y manufacturas, las corporaciones tienen el desaf\u00edo de seguir siendo competitivas en la econom\u00eda global. Al abastecer, evaluar e integrar tecnolog\u00edas israel\u00edes de vanguardia, IdealityRoads ayuda a que las corporaciones se transformen en negocios m\u00e1s rentables y eficientes, m\u00e1s all\u00e1 del sector al que pertenezcan.  <\/h2>\t\t\t\t<\/div>\n\t\t\t\t<\/div>\n\t\t\t\t<div class=\"elementor-element elementor-element-2d84664 elementor-widget elementor-widget-text-editor\" data-id=\"2d84664\" data-element_type=\"widget\" data-e-type=\"widget\" data-widget_type=\"text-editor.default\">\n\t\t\t\t<div class=\"elementor-widget-container\">\n\t\t\t\t\t\t\t\t\t<p>Israel, la \u2018Startup Nation\u2019, es l\u00edder mundial en startups tecnol\u00f3gicas per capita, intensidad de investigaci\u00f3n y desarrollo, y patentes per capita. Innumerables delegaciones corporativas llegan desde todo el mundo para experimentar la innovaci\u00f3n israel\u00ed. Sin embargo, identificar, validar y participar junto con las startups israel\u00edes adecuadas sigue representando un desaf\u00edo para las corporaciones. M\u00e1s de 530 corporaciones multinacionales han establecido presencia f\u00edsica en Israel solo a estos fines. Nuestro servicio de abastecimiento de tecnolog\u00eda permite acceder a todos los beneficios de la innovaci\u00f3n israel\u00ed dentro de una estructura flexible y eficiente en t\u00e9rminos de capital.<br \/><br \/><br \/>Con la adopci\u00f3n de una visi\u00f3n hol\u00edstica y a largo plazo, el objetivo de IdealityRoads es efectuar una transformaci\u00f3n fundamental en las empresas implementando las soluciones tecnol\u00f3gicas m\u00e1s aptas y avanzadas. Con un profundo conocimiento de los objetivos, los activos, los desaf\u00edos y el entorno operativo del cliente, la compa\u00f1\u00eda le presenta una gama de prometedoras soluciones de vanguardia para que pueda establecer nuevas fuentes de ingresos, aumentar la rentabilidad y optimizar las eficiencias.<br \/><br \/><br \/>Mediante la aplicaci\u00f3n de lecciones aprendidas en d\u00e9cadas de trabajo en Israel y el extranjero, IdealityRoads ha desarrollado un proceso patentado que permite superar las potenciales barreras culturales, idiom\u00e1ticas y comerciales para lograr la cooperaci\u00f3n entre corporaciones y startups israel\u00edes. La compa\u00f1\u00eda aporta la experiencia combinada de cientos de negocios de inversi\u00f3n, distribuci\u00f3n y licencias para liderar un proceso de negociaci\u00f3n personalizado para garantizar los mejores t\u00e9rminos y proteger los intereses del cliente. Por \u00faltimo, debido a que IdealityRoads adopta un enfoque a largo plazo en cuanto a las relaciones con los clientes, el equipo de la compa\u00f1\u00eda sigue dedicado y a disposici\u00f3n para ofrecer asistencia continua en la medida de lo necesario.<\/p>\t\t\t\t\t\t\t\t<\/div>\n\t\t\t\t<\/div>\n\t\t\t\t\t<\/div>\n\t\t<\/div>\n\t\t\t\t\t<\/div>\n\t\t<\/section>\n\t\t\t\t<\/div>\n\t\t","protected":false},"excerpt":{"rendered":"<p>Fomentar la tecnolog\u00eda para crear una ventaja competitiva En distintos sectores, desde finanzas hasta agricultura, energ\u00eda y comercio minorista, salud y manufacturas, las corporaciones tienen el desaf\u00edo de seguir siendo competitivas en la econom\u00eda global. Al abastecer, evaluar e integrar tecnolog\u00edas israel\u00edes de vanguardia, IdealityRoads&#8230;<\/p>\n","protected":false},"author":4,"featured_media":4439,"parent":0,"menu_order":0,"comment_status":"closed","ping_status":"closed","template":"elementor_header_footer","meta":{"_acf_changed":false,"footnotes":""},"class_list":["post-5518","page","type-page","status-publish","has-post-thumbnail","hentry"],"acf":[],"_links":{"self":[{"href":"https:\/\/idealityroads.com\/index.php?rest_route=\/wp\/v2\/pages\/5518","targetHints":{"allow":["GET"]}}],"collection":[{"href":"https:\/\/idealityroads.com\/index.php?rest_route=\/wp\/v2\/pages"}],"about":[{"href":"https:\/\/idealityroads.com\/index.php?rest_route=\/wp\/v2\/types\/page"}],"author":[{"embeddable":true,"href":"https:\/\/idealityroads.com\/index.php?rest_route=\/wp\/v2\/users\/4"}],"replies":[{"embeddable":true,"href":"https:\/\/idealityroads.com\/index.php?rest_route=%2Fwp%2Fv2%2Fcomments&post=5518"}],"version-history":[{"count":0,"href":"https:\/\/idealityroads.com\/index.php?rest_route=\/wp\/v2\/pages\/5518\/revisions"}],"wp:featuredmedia":[{"embeddable":true,"href":"https:\/\/idealityroads.com\/index.php?rest_route=\/wp\/v2\/media\/4439"}],"wp:attachment":[{"href":"https:\/\/idealityroads.com\/index.php?rest_route=%2Fwp%2Fv2%2Fmedia&parent=5518"}],"curies":[{"name":"wp","href":"https:\/\/api.w.org\/{rel}","templated":true}]}}